{"id":352,"date":"2018-03-14T08:26:27","date_gmt":"2018-03-14T08:26:27","guid":{"rendered":"https:\/\/bastidasukaldeak.com\/?page_id=352"},"modified":"2023-05-18T10:06:53","modified_gmt":"2023-05-18T08:06:53","slug":"cookien-politika","status":"publish","type":"page","link":"https:\/\/bastidasukaldeak.com\/eu\/cookien-politika\/","title":{"rendered":"Cookien politika"},"content":{"rendered":"<p>[et_pb_section fb_built=&#8221;1&#8243; module_class=&#8221;paginas-legales&#8221; _builder_version=&#8221;4.16&#8243; global_colors_info=&#8221;{}&#8221;][et_pb_row _builder_version=&#8221;4.16&#8243; background_size=&#8221;initial&#8221; background_position=&#8221;top_left&#8221; background_repeat=&#8221;repeat&#8221; global_colors_info=&#8221;{}&#8221;][et_pb_column type=&#8221;4_4&#8243; _builder_version=&#8221;4.16&#8243; custom_padding=&#8221;|||&#8221; global_colors_info=&#8221;{}&#8221; custom_padding__hover=&#8221;|||&#8221;][et_pb_text _builder_version=&#8221;4.21.0&#8243; hover_enabled=&#8221;0&#8243; global_colors_info=&#8221;{}&#8221; sticky_enabled=&#8221;0&#8243;]<\/p>\n<h1><strong>Pol\u00edtica de cookies<\/strong><\/h1>\n<p>&nbsp;<\/p>\n<p><strong>\u00a0Identificaci\u00f3n del responsable<\/strong><\/p>\n<p>&nbsp;<\/p>\n<p>De conformidad con la normativa espa\u00f1ola que regula el uso de cookies con relaci\u00f3n a la prestaci\u00f3n de servicios de comunicaciones electr\u00f3nicas, recogida en el art\u00edculo 22.2 de la Ley 34\/2002, del 11 de julio, de servicios de la sociedad de la informaci\u00f3n y de comercio electr\u00f3nico, le informamos sobre las cookies utilizadas en el siguiente sitio web por la entidad:<\/p>\n<p>&nbsp;<\/p>\n<p>Sitio\/s Web: WWW.BASTIDASUKALDEAK.COM.<\/p>\n<p>Entidad: BASTIDA SUKALDEAK, SL<\/p>\n<p>Nombre Comercial: BASTIDA SUKALDEAK<\/p>\n<p>Domicilio: IBARGARAI, 36-38 BAJO &#8211; 20570 &#8211; BERGARA &#8211; GIPUZKOA<\/p>\n<p>NIF: B20720751<\/p>\n<p>Tel\u00e9fono: 943767058<\/p>\n<p>e-Mail: bastidasukaldeak@bastidasukaldeak.com<\/p>\n<p>&nbsp;<\/p>\n<p><strong>Objeto<\/strong><\/p>\n<p>&nbsp;<\/p>\n<p>De acuerdo con el art\u00edculo 22.2 de la Ley 34\/2002, redactado por el apartado 5 de la disposici\u00f3n final segunda de Ley 9\/2014, de 9 de mayo, General de Telecomunicaciones (\u00abB.O.E.\u00bb 10 mayo; Correcci\u00f3n de errores \u00abB.O.E.\u00bb 17 mayo) y con vigencia desde 11 mayo 2014: \u201cLos prestadores de servicios podr\u00e1n utilizar dispositivos de almacenamiento y recuperaci\u00f3n de datos (las denominadas cookies) en equipos terminales de los destinatarios, a condici\u00f3n de que los mismos hayan dado su consentimiento despu\u00e9s de que se les haya facilitado informaci\u00f3n clara y completa sobre su utilizaci\u00f3n, en particular, sobre los fines del tratamiento de los datos, con arreglo a lo dispuesto en la Ley Org\u00e1nica 3\/2018 de protecci\u00f3n de datos de car\u00e1cter personal.\u201d Sin embargo y de acuerdo con el p\u00e1rrafo tercero des art\u00edculo 22.2 \u201cLo anterior no impedir\u00e1 el posible almacenamiento o acceso de \u00edndole t\u00e9cnica al solo fin de efectuar la transmisi\u00f3n de una comunicaci\u00f3n por una red de comunicaciones electr\u00f3nicas o, en la medida que resulte estrictamente necesario, para la prestaci\u00f3n de un servicio de la sociedad de la informaci\u00f3n expresamente solicitado por el destinatario\u201d. Este \u00faltimo punto se refiere a las conocidas como cookies t\u00e9cnicas.<\/p>\n<p>&nbsp;<\/p>\n<p>&nbsp;<\/p>\n<p><strong>\u00a0Concepto de cookie<\/strong><\/p>\n<p>&nbsp;<\/p>\n<p>Una cookie es un fichero de texto que se descarga en su ordenador al acceder a las p\u00e1ginas web que componen el Sitio Web. Las cookies permiten a una p\u00e1gina web, entre otras cosas, almacenar y recuperar informaci\u00f3n sobre los h\u00e1bitos de navegaci\u00f3n de un usuario o de su equipo y, dependiendo de la informaci\u00f3n que contengan y de la forma en que utilice su equipo, pueden utilizarse para reconocer al usuario. Las cookies se asocian \u00fanicamente a un usuario an\u00f3nimo y su ordenador o dispositivo y no proporcionan referencias que permitan conocer sus datos personales.<\/p>\n<p>&nbsp;<\/p>\n<p>&nbsp;<\/p>\n<p><strong>Tipos de cookies<\/strong><\/p>\n<p>&nbsp;<\/p>\n<p><strong>1.- Seg\u00fan la entidad que las gestiona<\/strong><\/p>\n<p>&nbsp;<\/p>\n<p><u>a.- Cookies propias:<\/u> Son aqu\u00e9llas que se env\u00edan al equipo terminal del usuario desde un equipo o dominio gestionado por el propio editor y desde el que se presta el servicio solicitado por el usuario.<\/p>\n<p>&nbsp;<\/p>\n<p><u>b.- Cookies de terceros:<\/u> Son aqu\u00e9llas que se env\u00edan al equipo terminal del usuario desde un equipo o dominio que no es gestionado por el editor, sino por otra entidad que trata los datos obtenidos a trav\u00e9s de las cookies.<\/p>\n<p>&nbsp;<\/p>\n<p><strong>2.- Seg\u00fan la finalidad<\/strong><\/p>\n<p>&nbsp;<\/p>\n<p>Existen muchas finalidades para el uso de las cookies. Seg\u00fan la finalidad para la que se traten los datos obtenidos a trav\u00e9s de las cookies, algunas de las finalidades pueden ser:<\/p>\n<p>&nbsp;<\/p>\n<p><u>a) Cookies t\u00e9cnicas:<\/u> son aquellas que permiten al usuario la navegaci\u00f3n a trav\u00e9s de una p\u00e1gina web, plataforma o aplicaci\u00f3n y la utilizaci\u00f3n de las diferentes opciones o servicios que en ella existan, incluyendo aquellas que el editor utiliza para permitir la gesti\u00f3n y operativa de la p\u00e1gina web y habilitar sus funciones y servicios, como, por ejemplo, controlar el tr\u00e1fico y la comunicaci\u00f3n de datos, identificar la sesi\u00f3n, acceder a partes de acceso restringido, recordar los elementos que integran un pedido, realizar el proceso de compra de un pedido, gestionar el pago, controlar el fraude vinculado a la seguridad del servicio, realizar la solicitud de inscripci\u00f3n o participaci\u00f3n en un evento, contar visitas a efectos de la facturaci\u00f3n de licencias del software con el que funciona el servicio (sitio web, plataforma o aplicaci\u00f3n), utilizar elementos de seguridad durante la navegaci\u00f3n, almacenar contenidos para la difusi\u00f3n de v\u00eddeos o sonido, habilitar contenidos din\u00e1micos (por ejemplo, animaci\u00f3n de carga de un texto o imagen) o compartir contenidos a trav\u00e9s de redes sociales. Las cookies t\u00e9cnicas estar\u00e1n exceptuadas del cumplimiento de las obligaciones establecidas en el art\u00edculo 22.2 de la LSSI cuando permitan prestar el servicio solicitado por el usuario, como ocurre en el caso de las cookies enumeradas en los p\u00e1rrafos anteriores. Sin embargo, si estas cookies se utilizan tambi\u00e9n para finalidades no exentas (por ejemplo, para fines publicitarios comportamentales), quedar\u00e1n sujetas a dichas obligaciones.<\/p>\n<p>&nbsp;<\/p>\n<p><u>b) Cookies de preferencias o personalizaci\u00f3n:<\/u> son aquellas que permiten recordar informaci\u00f3n para que el usuario acceda al servicio con determinadas caracter\u00edsticas que pueden diferenciar su experiencia de la de otros usuarios, como, por ejemplo, el idioma, el n\u00famero de resultados a mostrar cuando el usuario realiza una b\u00fasqueda, el aspecto o contenido del servicio en funci\u00f3n del tipo de navegador a trav\u00e9s del cual el usuario accede al servicio o de la regi\u00f3n desde la que accede al servicio, etc. Si es el propio usuario quien elige esas caracter\u00edsticas (por ejemplo, si selecciona el idioma de un sitio web clicando en el icono de la bandera del pa\u00eds correspondiente), las cookies estar\u00e1n exceptuadas de las obligaciones del art\u00edculo 22.2 de la LSSI por considerarse un servicio expresamente solicitado por el usuario, y ello siempre y cuando las cookies obedezcan exclusivamente a la finalidad seleccionada.<\/p>\n<p>&nbsp;<\/p>\n<p><u>\u00a0c) Cookies de an\u00e1lisis o medici\u00f3n: <\/u>son aquellas que permiten al responsable de las mismas el seguimiento y an\u00e1lisis del comportamiento de los usuarios de los sitios web a los que est\u00e1n vinculadas, incluida la cuantificaci\u00f3n de los impactos de los anuncios. La informaci\u00f3n recogida mediante este tipo de cookies se utiliza en la medici\u00f3n de la actividad de los sitios web, aplicaci\u00f3n o plataforma, con el fin de introducir mejoras en funci\u00f3n del an\u00e1lisis de los datos de uso que hacen los usuarios del servicio.<\/p>\n<p>&nbsp;<\/p>\n<p><u>d) Cookies de publicidad comportamental:<\/u> son aquellas que almacenan informaci\u00f3n del comportamiento de los usuarios obtenida a trav\u00e9s de la observaci\u00f3n continuada de sus h\u00e1bitos de navegaci\u00f3n, lo que permite desarrollar un perfil espec\u00edfico para mostrar publicidad en funci\u00f3n del mismo.<\/p>\n<p>&nbsp;<\/p>\n<p><strong>3.- Seg\u00fan el plazo de tiempo que permanecen activadas<\/strong><\/p>\n<p>&nbsp;<\/p>\n<p><u>a) Cookies de sesi\u00f3n:<\/u> son aquellas dise\u00f1adas para recabar y almacenar datos mientras el usuario accede a una p\u00e1gina web. Se suelen emplear para almacenar informaci\u00f3n que solo interesa conservar para la prestaci\u00f3n del servicio solicitado por el usuario en una sola ocasi\u00f3n (por ejemplo, una lista de productos adquiridos) y desaparecen al terminar la sesi\u00f3n.<\/p>\n<p>&nbsp;<\/p>\n<p><u>b) Cookies persistentes:<\/u> son aquellas en las que los datos siguen almacenados en el terminal y pueden ser accedidos y tratados durante un periodo definido por el responsable de la cookie, y que puede ir de unos minutos a varios a\u00f1os.<\/p>\n<p>&nbsp;<\/p>\n<p>&nbsp;<\/p>\n<p><strong>Listado de cookies usadas en el Sitio Web<\/strong><\/p>\n<p>&nbsp;<\/p>\n<p>La utilizaci\u00f3n de las cookies ofrece ventajas en la prestaci\u00f3n de servicios dentro de lo que se conoce como la sociedad de la informaci\u00f3n, puesto que, facilita al usuario la navegaci\u00f3n y el acceso a los diferentes servicios que ofrece este sitio web, evita al usuario tener que configurar las caracter\u00edsticas generales predefinidas cada vez que accede al sitio web, favorece la mejora del funcionamiento y de los servicios prestados a trav\u00e9s de este sitio web, tras el correspondiente an\u00e1lisis de la informaci\u00f3n obtenida a trav\u00e9s de las cookies instaladas.<\/p>\n<p>&nbsp;<\/p>\n<p>En concreto este sitio web utiliza las siguientes cookies:<\/p>\n<p>&nbsp;<\/p>\n<table>\n<tbody>\n<tr>\n<td width=\"170\">Nombre<\/td>\n<td width=\"177\">Origen<\/td>\n<td width=\"113\">Caducidad<\/td>\n<td width=\"68\">Tipo<\/td>\n<td width=\"52\">Clase<\/td>\n<\/tr>\n<tr>\n<td width=\"170\">Cookies T\u00e9cnicas<\/td>\n<td width=\"177\">Propia<\/td>\n<td width=\"113\">Fin de Sesi\u00f3n<\/td>\n<td width=\"68\">Exenta<\/td>\n<td width=\"52\">T\u00e9cnica<\/td>\n<\/tr>\n<\/tbody>\n<\/table>\n<p>&nbsp;<\/p>\n<p>&nbsp;<\/p>\n<p><strong>Revocaci\u00f3n y eliminaci\u00f3n de cookies<\/strong><\/p>\n<p>&nbsp;<\/p>\n<p>En todo momento podr\u00e1 acceder a la configuraci\u00f3n de su navegador aceptando o rechazando las cookies que no sean t\u00e9cnicas o estricamente necesarias, o bien seleccionar aqu\u00e9llas cuya instalaci\u00f3n admite y cu\u00e1les no, siguiendo los procedimientos propios del navegador que utilice.<\/p>\n<p>&nbsp;<\/p>\n<p><strong>\u00a0<\/strong><\/p>\n<p><strong>Jurisdicci\u00f3n<\/strong><\/p>\n<p>&nbsp;<\/p>\n<p>Para la resoluci\u00f3n de todas las controversias o cuestiones relacionadas con el Sitio Web y las cookies utilizadas, ser\u00e1 de aplicaci\u00f3n la legislaci\u00f3n espa\u00f1ola, a la que se someten expresamente los Usuarios del Sitio Web, siendo competentes para la resoluci\u00f3n de todos los conflictos derivados o relacionados con su uso, los Juzgados y Tribunales del domicilio del Responsable de este sitio web.<\/p>\n<p>&nbsp;<\/p>\n<p>[\/et_pb_text][\/et_pb_column][\/et_pb_row][\/et_pb_section]<\/p>\n","protected":false},"excerpt":{"rendered":"<p>Pol\u00edtica de cookies &nbsp; \u00a0Identificaci\u00f3n del responsable &nbsp; De conformidad con la normativa espa\u00f1ola que regula el uso de cookies con relaci\u00f3n a la prestaci\u00f3n de servicios de comunicaciones electr\u00f3nicas, recogida en el art\u00edculo 22.2 de la Ley 34\/2002, del 11 de julio, de servicios de la sociedad de la informaci\u00f3n y de comercio electr\u00f3nico, [&hellip;]<\/p>\n","protected":false},"author":2,"featured_media":0,"parent":0,"menu_order":0,"comment_status":"closed","ping_status":"closed","template":"","meta":{"_et_pb_use_builder":"on","_et_pb_old_content":"","_et_gb_content_width":"","footnotes":""},"class_list":["post-352","page","type-page","status-publish","hentry"],"yoast_head":"<!-- This site is optimized with the Yoast SEO plugin v27.4 - https:\/\/yoast.com\/product\/yoast-seo-wordpress\/ -->\n<title>Cookien politika - Bastida Sukaldeak<\/title>\n<meta name=\"robots\" content=\"index, follow, max-snippet:-1, max-image-preview:large, max-video-preview:-1\" \/>\n<link rel=\"canonical\" href=\"https:\/\/bastidasukaldeak.com\/eu\/cookien-politika\/\" \/>\n<meta property=\"og:locale\" content=\"eu_ES\" \/>\n<meta property=\"og:type\" content=\"article\" \/>\n<meta property=\"og:title\" content=\"Cookien politika - Bastida Sukaldeak\" \/>\n<meta property=\"og:description\" content=\"Pol\u00edtica de cookies &nbsp; \u00a0Identificaci\u00f3n del responsable &nbsp; De conformidad con la normativa espa\u00f1ola que regula el uso de cookies con relaci\u00f3n a la prestaci\u00f3n de servicios de comunicaciones electr\u00f3nicas, recogida en el art\u00edculo 22.2 de la Ley 34\/2002, del 11 de julio, de servicios de la sociedad de la informaci\u00f3n y de comercio electr\u00f3nico, [&hellip;]\" \/>\n<meta property=\"og:url\" content=\"https:\/\/bastidasukaldeak.com\/eu\/cookien-politika\/\" \/>\n<meta property=\"og:site_name\" content=\"Bastida Sukaldeak\" \/>\n<meta property=\"article:publisher\" content=\"https:\/\/www.facebook.com\/bastidasukaldeak\" \/>\n<meta property=\"article:modified_time\" content=\"2023-05-18T08:06:53+00:00\" \/>\n<meta name=\"twitter:card\" content=\"summary_large_image\" \/>\n<meta name=\"twitter:label1\" content=\"Est. reading time\" \/>\n\t<meta name=\"twitter:data1\" content=\"3 minutes\" \/>\n<!-- \/ Yoast SEO plugin. -->","yoast_head_json":{"title":"Cookien politika - Bastida Sukaldeak","robots":{"index":"index","follow":"follow","max-snippet":"max-snippet:-1","max-image-preview":"max-image-preview:large","max-video-preview":"max-video-preview:-1"},"canonical":"https:\/\/bastidasukaldeak.com\/eu\/cookien-politika\/","og_locale":"eu_ES","og_type":"article","og_title":"Cookien politika - Bastida Sukaldeak","og_description":"Pol\u00edtica de cookies &nbsp; \u00a0Identificaci\u00f3n del responsable &nbsp; De conformidad con la normativa espa\u00f1ola que regula el uso de cookies con relaci\u00f3n a la prestaci\u00f3n de servicios de comunicaciones electr\u00f3nicas, recogida en el art\u00edculo 22.2 de la Ley 34\/2002, del 11 de julio, de servicios de la sociedad de la informaci\u00f3n y de comercio electr\u00f3nico, [&hellip;]","og_url":"https:\/\/bastidasukaldeak.com\/eu\/cookien-politika\/","og_site_name":"Bastida Sukaldeak","article_publisher":"https:\/\/www.facebook.com\/bastidasukaldeak","article_modified_time":"2023-05-18T08:06:53+00:00","twitter_card":"summary_large_image","twitter_misc":{"Est. reading time":"3 minutes"},"schema":{"@context":"https:\/\/schema.org","@graph":[{"@type":"WebPage","@id":"https:\/\/bastidasukaldeak.com\/eu\/cookien-politika\/","url":"https:\/\/bastidasukaldeak.com\/eu\/cookien-politika\/","name":"Cookien politika - Bastida Sukaldeak","isPartOf":{"@id":"https:\/\/bastidasukaldeak.com\/#website"},"datePublished":"2018-03-14T08:26:27+00:00","dateModified":"2023-05-18T08:06:53+00:00","breadcrumb":{"@id":"https:\/\/bastidasukaldeak.com\/eu\/cookien-politika\/#breadcrumb"},"inLanguage":"eu-ES","potentialAction":[{"@type":"ReadAction","target":["https:\/\/bastidasukaldeak.com\/eu\/cookien-politika\/"]}]},{"@type":"BreadcrumbList","@id":"https:\/\/bastidasukaldeak.com\/eu\/cookien-politika\/#breadcrumb","itemListElement":[{"@type":"ListItem","position":1,"name":"Portada","item":"https:\/\/bastidasukaldeak.com\/eu\/"},{"@type":"ListItem","position":2,"name":"Cookien politika"}]},{"@type":"WebSite","@id":"https:\/\/bastidasukaldeak.com\/#website","url":"https:\/\/bastidasukaldeak.com\/","name":"Bastida Sukaldeak","description":"Encuentra tu cocina ideal","publisher":{"@id":"https:\/\/bastidasukaldeak.com\/#organization"},"potentialAction":[{"@type":"SearchAction","target":{"@type":"EntryPoint","urlTemplate":"https:\/\/bastidasukaldeak.com\/?s={search_term_string}"},"query-input":{"@type":"PropertyValueSpecification","valueRequired":true,"valueName":"search_term_string"}}],"inLanguage":"eu-ES"},{"@type":"Organization","@id":"https:\/\/bastidasukaldeak.com\/#organization","name":"Bastida Sukaldeak","url":"https:\/\/bastidasukaldeak.com\/","logo":{"@type":"ImageObject","inLanguage":"eu-ES","@id":"https:\/\/bastidasukaldeak.com\/#\/schema\/logo\/image\/","url":"https:\/\/bastidasukaldeak.com\/wp-content\/uploads\/2020\/06\/Logo-Bastida-Sukaldeak.jpg","contentUrl":"https:\/\/bastidasukaldeak.com\/wp-content\/uploads\/2020\/06\/Logo-Bastida-Sukaldeak.jpg","width":681,"height":235,"caption":"Bastida Sukaldeak"},"image":{"@id":"https:\/\/bastidasukaldeak.com\/#\/schema\/logo\/image\/"},"sameAs":["https:\/\/www.facebook.com\/bastidasukaldeak","https:\/\/www.instagram.com\/bastidasukaldeak\/","https:\/\/www.pinterest.es\/bastidasukaldeak\/"]}]}},"_links":{"self":[{"href":"https:\/\/bastidasukaldeak.com\/eu\/wp-json\/wp\/v2\/pages\/352","targetHints":{"allow":["GET"]}}],"collection":[{"href":"https:\/\/bastidasukaldeak.com\/eu\/wp-json\/wp\/v2\/pages"}],"about":[{"href":"https:\/\/bastidasukaldeak.com\/eu\/wp-json\/wp\/v2\/types\/page"}],"author":[{"embeddable":true,"href":"https:\/\/bastidasukaldeak.com\/eu\/wp-json\/wp\/v2\/users\/2"}],"replies":[{"embeddable":true,"href":"https:\/\/bastidasukaldeak.com\/eu\/wp-json\/wp\/v2\/comments?post=352"}],"version-history":[{"count":9,"href":"https:\/\/bastidasukaldeak.com\/eu\/wp-json\/wp\/v2\/pages\/352\/revisions"}],"predecessor-version":[{"id":8375,"href":"https:\/\/bastidasukaldeak.com\/eu\/wp-json\/wp\/v2\/pages\/352\/revisions\/8375"}],"wp:attachment":[{"href":"https:\/\/bastidasukaldeak.com\/eu\/wp-json\/wp\/v2\/media?parent=352"}],"curies":[{"name":"wp","href":"https:\/\/api.w.org\/{rel}","templated":true}]}}