{"id":8329,"date":"2022-09-14T11:21:04","date_gmt":"2022-09-14T09:21:04","guid":{"rendered":"https:\/\/bastidasukaldeak.com\/borrador-automatico\/"},"modified":"2023-05-16T21:54:40","modified_gmt":"2023-05-16T19:54:40","slug":"politica-de-privacidad","status":"publish","type":"page","link":"https:\/\/bastidasukaldeak.com\/eu\/politica-de-privacidad\/","title":{"rendered":"Pol\u00edtica de privacidad"},"content":{"rendered":"<p>[et_pb_section fb_built=&#8221;1&#8243; module_class=&#8221;paginas-legales&#8221; _builder_version=&#8221;4.16&#8243; global_colors_info=&#8221;{}&#8221;][et_pb_row _builder_version=&#8221;4.16&#8243; background_size=&#8221;initial&#8221; background_position=&#8221;top_left&#8221; background_repeat=&#8221;repeat&#8221; global_colors_info=&#8221;{}&#8221;][et_pb_column type=&#8221;4_4&#8243; _builder_version=&#8221;4.16&#8243; custom_padding=&#8221;|||&#8221; global_colors_info=&#8221;{}&#8221; custom_padding__hover=&#8221;|||&#8221;][et_pb_text admin_label=&#8221;Texto&#8221; _builder_version=&#8221;4.21.0&#8243; hover_enabled=&#8221;0&#8243; global_colors_info=&#8221;{}&#8221; sticky_enabled=&#8221;0&#8243;]<\/p>\n<h2><strong>Pol\u00edtica de privacidad<\/strong><\/h2>\n<p>&nbsp;<\/p>\n<p><strong>Introducci\u00f3n<\/strong><\/p>\n<p>&nbsp;<\/p>\n<p>Esta Pol\u00edtica de Privacidad se ha dise\u00f1ado de acuerdo con el Reglamento General de Protecci\u00f3n de Datos de la UE 2016\/679 del Parlamento Europeo y del Consejo, de 27 de abril de 2016, relativo a la protecci\u00f3n de las personas f\u00edsicas en lo que respecta al tratamiento de datos personales y a la libre circulaci\u00f3n de estos datos y por el que se deroga la Directiva 95\/46\/CE (Reglamento general de protecci\u00f3n de datos), y la Ley Org\u00e1nica 3\/2018 del 5 de diciembre, de Protecci\u00f3n de Datos de Car\u00e1cter Personal y Garant\u00eda de los Derechos Digitales. Al facilitarnos sus datos a trav\u00e9s de los diferentes formularios de este sitio web, el Usuario declara haber le\u00eddo y entendido la presente Pol\u00edtica de Privacidad, prestando su consentimiento inequ\u00edvoco y expreso al tratamiento de sus datos personales de acuerdo t\u00e9rminos expresados. La Empresa podr\u00e1 modificar sin previo aviso la presente Pol\u00edtica de Privacidad para adaptarla a las novedades legislativas, jurisprudenciales o de interpretaci\u00f3n de la Agencia Espa\u00f1ola de Protecci\u00f3n de Datos.<\/p>\n<p>&nbsp;<\/p>\n<p><strong>\u00bf Qui\u00e9n es el responsable del tratamiento de sus datos personales ?<\/strong><\/p>\n<p>&nbsp;<\/p>\n<p>Sitio\/s Web: WWW.BASTIDASUKALDEAK.COM.<\/p>\n<p>Entidad: BASTIDA SUKALDEAK, SL<\/p>\n<p>Nombre Comercial: BASTIDA SUKALDEAK<\/p>\n<p>Domicilio: IBARGARAI, 36-38 BAJO &#8211; 20570 &#8211; BERGARA &#8211; GIPUZKOA<\/p>\n<p>NIF: B20720751<\/p>\n<p>Tel\u00e9fono: 943767058<\/p>\n<p>e-Mail: bastidasukaldeak@bastidasukaldeak.com<\/p>\n<p>&nbsp;<\/p>\n<p><strong>\u00bf Cu\u00e1les son los derechos de los interesados ?<\/strong><\/p>\n<p>&nbsp;<\/p>\n<p>Cualquier interesado tiene derecho a obtener confirmaci\u00f3n sobre si estamos tratando datos personales que le conciernan. Las personas interesadas tienen derecho a acceder a sus datos personales, as\u00ed como a solicitar la rectificaci\u00f3n de los datos inexactos o, en su caso, solicitar su supresi\u00f3n cuando, entre otros motivos, los datos ya no sean necesarios para los fines que fueron recogidos. En determinadas circunstancias, los interesados tambi\u00e9n podr\u00e1n solicitar la limitaci\u00f3n del tratamiento de sus datos, en cuyo caso \u00fanicamente los conservaremos para el ejercicio o la defensa de reclamaciones y el cumplimiento de obligaciones legales o defensa de intereses leg\u00edtimos. Por motivos relacionados con su situaci\u00f3n particular, los interesados podr\u00e1n oponerse al tratamiento de sus datos. As\u00ed mismo tienen derecho a la portabilidad de sus datos y as\u00ed mismo, a revocar el consentimiento otorgado. Asimismo, tiene derecho a presentar una reclamaci\u00f3n ante la Agencia Espa\u00f1ola de Protecci\u00f3n de Datos.<\/p>\n<p>Para ejercitar sus derechos, debe dirigirse al Responsable, solicitando el correspondiente formulario para el ejercicio del derecho elegido. Los datos de contacto para el ejercicio de sus derechos son el correo electr\u00f3nico: <strong>bastidasukaldeak@bastidasukaldeak.com<\/strong> y el tel\u00e9fono <strong>943767058<\/strong>. Recuerde que podemos solicitarle una copia de un documento que nos permita identificarle, en caso de ser necesario.<\/p>\n<p><strong>\u00a0<\/strong><\/p>\n<p><strong>\u00bf C\u00f3mo cuidamos sus datos personales ?<\/strong><\/p>\n<p>&nbsp;<\/p>\n<p>Dentro de nuestro compromiso por garantizar la seguridad y confidencialidad de sus datos de car\u00e1cter personal, le informamos que se han adoptado las medidas de \u00edndole t\u00e9cnica y organizativas necesarias para garantizar la seguridad de los datos de car\u00e1cter personal y evitar su alteraci\u00f3n, p\u00e9rdida, tratamiento o acceso no autorizado, habida cuenta del estado de la tecnolog\u00eda, la naturaleza de los datos almacenados y los riesgos a que est\u00e9n expuestos, seg\u00fan el art\u00edculo 32 del RGPD UE 679\/2016.<\/p>\n<p>&nbsp;<\/p>\n<p><strong>\u00a0\u00bf Cu\u00e1les son las actividades de tratamientos que llevamos a cabo ?<\/strong><\/p>\n<p>&nbsp;<\/p>\n<p>De acuerdo con el art\u00edculo 30 del RGPD UE 679\/2016, hemos realizado la confecci\u00f3n del Registro de Actividades de Tratamiento (RAT), en el cual y entre otras, figuran las siguientes actividades de tratamiento que llevamos a cabo a trav\u00e9s de este Sitio Web y que se describen a continuaci\u00f3n.<\/p>\n<p><strong>\u00a0<\/strong><\/p>\n<p>&nbsp;<\/p>\n<p><strong>CONTACTOS WEB SITE<\/strong><\/p>\n<p>&nbsp;<\/p>\n<table>\n<tbody>\n<tr>\n<td style=\"width: 161px;\"><strong>Identificador<\/strong><\/td>\n<td style=\"width: 412px;\"><strong>TR-03-A<\/strong><\/td>\n<\/tr>\n<tr>\n<td style=\"width: 161px;\"><strong>Finalidad<\/strong><\/td>\n<td style=\"width: 412px;\">Atender las solicitudes de informaci\u00f3n de los interesados as\u00ed como remitirle por correo electr\u00f3nico informaci\u00f3n relacionada con los productos y servicios que ofrece nuestra empresa y que se detallan en este web site.<\/td>\n<\/tr>\n<tr>\n<td style=\"width: 161px;\"><strong>Legitimaci\u00f3n<\/strong><\/td>\n<td style=\"width: 412px;\">El consentimiento expreso otorgado mediante un acto positivo y afirmativo, es decir, rellenar el formulario correspondiente, marcar la casilla de aceptaci\u00f3n de esta pol\u00edtica y pulsar el bot\u00f3n de env\u00edo,\u00a0 en el momento de facilitarnos sus datos personales, de acuerdo con lo indicado en el art\u00edculo 6.1.a del RGPD UE 679\/2016.<\/td>\n<\/tr>\n<tr>\n<td style=\"width: 161px;\"><strong>Plazo de Conservaci\u00f3n<\/strong><\/td>\n<td style=\"width: 412px;\">Conservaremos sus datos personales desde que nos d\u00e9 su consentimiento hasta que lo revoque o bien solicite la limitaci\u00f3n del tratamiento. En tales casos, mantendremos sus datos de manera bloqueada durante los plazos legalmente exigidos.<\/td>\n<\/tr>\n<tr>\n<td style=\"width: 161px;\"><strong>Cesiones <\/strong><\/td>\n<td style=\"width: 412px;\">No se prev\u00e9n cesiones de datos a terceras partes, salvo a las empresas directamente relacionadas con el Responsable y aquellas autorizadas por la legislaci\u00f3n de telecomunicaciones as\u00ed como en aquellos casos en los que una autoridad judicial nos lo requiera.<\/td>\n<\/tr>\n<tr>\n<td style=\"width: 161px;\"><strong>Categor\u00edas de Datos<\/strong><\/td>\n<td style=\"width: 412px;\">Nombre y Apellidos, Tel\u00e9fono, Direcci\u00f3n Postal, Correo electr\u00f3nico, as\u00ed como la direcci\u00f3n IP desde donde accede al formulario de recogida de datos y la fecha en que se envi\u00f3 dicho formulario.<\/td>\n<\/tr>\n<tr>\n<td style=\"width: 161px;\"><strong>Interesados<\/strong><\/td>\n<td style=\"width: 412px;\">Usuarios del sitio web<\/td>\n<\/tr>\n<tr>\n<td style=\"width: 161px;\"><strong>Transferencias <\/strong><\/td>\n<td style=\"width: 412px;\">No se prev\u00e9n transferencias internacionales de sus datos personales fuera del Espacio Econ\u00f3mico Europeo (EEE)<\/td>\n<\/tr>\n<\/tbody>\n<\/table>\n<p>&nbsp;<\/p>\n<p><strong>CONTACTOS PROFESIONALES WEB SITE<\/strong><\/p>\n<p>&nbsp;<\/p>\n<table>\n<tbody>\n<tr>\n<td width=\"160\"><strong>Identificador<\/strong><\/td>\n<td width=\"425\"><strong>TR-03<\/strong><strong>-B<\/strong><\/td>\n<\/tr>\n<tr>\n<td width=\"160\"><strong>Finalidad<\/strong><\/td>\n<td width=\"425\">Atender las solicitudes de informaci\u00f3n de los profesionales interesados as\u00ed como remitirle por correo electr\u00f3nico informaci\u00f3n relacionada con los productos y servicios que ofrece nuestra empresa y que se detallan en este web site.<\/td>\n<\/tr>\n<tr>\n<td width=\"160\"><strong>Legitimaci\u00f3n<\/strong><\/td>\n<td width=\"425\">El consentimiento expreso otorgado mediante un acto positivo y afirmativo, es decir, rellenar el formulario correspondiente, marcar la casilla de aceptaci\u00f3n de esta pol\u00edtica y pulsar el bot\u00f3n de env\u00edo,\u00a0 en el momento de facilitarnos sus datos personales, de acuerdo con lo indicado en el art\u00edculo 6.1.a del RGPD UE 679\/2016.<\/td>\n<\/tr>\n<tr>\n<td width=\"160\"><strong>Plazo de Conservaci\u00f3n<\/strong><\/td>\n<td width=\"425\">Conservaremos sus datos personales desde que nos d\u00e9 su consentimiento hasta que lo revoque o bien solicite la limitaci\u00f3n del tratamiento. En tales casos, mantendremos sus datos de manera bloqueada durante los plazos legalmente exigidos.<\/td>\n<\/tr>\n<tr>\n<td width=\"160\"><strong>Cesiones <\/strong><\/td>\n<td width=\"425\">No se prev\u00e9n cesiones de datos a terceras partes, salvo a las empresas directamente relacionadas con el Responsable y aquellas autorizadas por la legislaci\u00f3n de telecomunicaciones as\u00ed como en aquellos casos en los que una autoridad judicial nos lo requiera.<\/td>\n<\/tr>\n<tr>\n<td width=\"160\"><strong>Categor\u00edas de Datos<\/strong><\/td>\n<td width=\"425\">Nombre y Apellidos, Tel\u00e9fono, Direcci\u00f3n Postal, Correo electr\u00f3nico, as\u00ed como la direcci\u00f3n IP desde donde accede al formulario de recogida de datos y la fecha en que se envi\u00f3 dicho formulario.<\/td>\n<\/tr>\n<tr>\n<td width=\"160\"><strong>Interesados<\/strong><\/td>\n<td width=\"425\">Colaboradores profesionales<\/td>\n<\/tr>\n<tr>\n<td width=\"160\"><strong>Transferencias <\/strong><\/td>\n<td width=\"425\">No se prev\u00e9n transferencias internacionales de sus datos personales fuera del Espacio Econ\u00f3mico Europeo (EEE)<\/td>\n<\/tr>\n<\/tbody>\n<\/table>\n<p><strong>\u00a0<\/strong><\/p>\n<p>&nbsp;<\/p>\n<p>[\/et_pb_text][\/et_pb_column][\/et_pb_row][\/et_pb_section]<\/p>\n","protected":false},"excerpt":{"rendered":"<p>Pol\u00edtica de privacidad &nbsp; Introducci\u00f3n &nbsp; Esta Pol\u00edtica de Privacidad se ha dise\u00f1ado de acuerdo con el Reglamento General de Protecci\u00f3n de Datos de la UE 2016\/679 del Parlamento Europeo y del Consejo, de 27 de abril de 2016, relativo a la protecci\u00f3n de las personas f\u00edsicas en lo que respecta al tratamiento de datos [&hellip;]<\/p>\n","protected":false},"author":2,"featured_media":0,"parent":0,"menu_order":0,"comment_status":"closed","ping_status":"closed","template":"","meta":{"_et_pb_use_builder":"on","_et_pb_old_content":"","_et_gb_content_width":"","footnotes":""},"class_list":["post-8329","page","type-page","status-publish","hentry"],"yoast_head":"<!-- This site is optimized with the Yoast SEO plugin v27.5 - https:\/\/yoast.com\/product\/yoast-seo-wordpress\/ -->\n<title>Pol\u00edtica de privacidad - Bastida Sukaldeak<\/title>\n<meta name=\"robots\" content=\"index, follow, max-snippet:-1, max-image-preview:large, max-video-preview:-1\" \/>\n<link rel=\"canonical\" href=\"https:\/\/bastidasukaldeak.com\/eu\/politica-de-privacidad\/\" \/>\n<meta property=\"og:locale\" content=\"eu_ES\" \/>\n<meta property=\"og:type\" content=\"article\" \/>\n<meta property=\"og:title\" content=\"Pol\u00edtica de privacidad - Bastida Sukaldeak\" \/>\n<meta property=\"og:description\" content=\"Pol\u00edtica de privacidad &nbsp; Introducci\u00f3n &nbsp; Esta Pol\u00edtica de Privacidad se ha dise\u00f1ado de acuerdo con el Reglamento General de Protecci\u00f3n de Datos de la UE 2016\/679 del Parlamento Europeo y del Consejo, de 27 de abril de 2016, relativo a la protecci\u00f3n de las personas f\u00edsicas en lo que respecta al tratamiento de datos [&hellip;]\" \/>\n<meta property=\"og:url\" content=\"https:\/\/bastidasukaldeak.com\/eu\/politica-de-privacidad\/\" \/>\n<meta property=\"og:site_name\" content=\"Bastida Sukaldeak\" \/>\n<meta property=\"article:publisher\" content=\"https:\/\/www.facebook.com\/bastidasukaldeak\" \/>\n<meta property=\"article:modified_time\" content=\"2023-05-16T19:54:40+00:00\" \/>\n<meta name=\"twitter:card\" content=\"summary_large_image\" \/>\n<meta name=\"twitter:label1\" content=\"Est. reading time\" \/>\n\t<meta name=\"twitter:data1\" content=\"6 minutes\" \/>\n<!-- \/ Yoast SEO plugin. -->","yoast_head_json":{"title":"Pol\u00edtica de privacidad - Bastida Sukaldeak","robots":{"index":"index","follow":"follow","max-snippet":"max-snippet:-1","max-image-preview":"max-image-preview:large","max-video-preview":"max-video-preview:-1"},"canonical":"https:\/\/bastidasukaldeak.com\/eu\/politica-de-privacidad\/","og_locale":"eu_ES","og_type":"article","og_title":"Pol\u00edtica de privacidad - Bastida Sukaldeak","og_description":"Pol\u00edtica de privacidad &nbsp; Introducci\u00f3n &nbsp; Esta Pol\u00edtica de Privacidad se ha dise\u00f1ado de acuerdo con el Reglamento General de Protecci\u00f3n de Datos de la UE 2016\/679 del Parlamento Europeo y del Consejo, de 27 de abril de 2016, relativo a la protecci\u00f3n de las personas f\u00edsicas en lo que respecta al tratamiento de datos [&hellip;]","og_url":"https:\/\/bastidasukaldeak.com\/eu\/politica-de-privacidad\/","og_site_name":"Bastida Sukaldeak","article_publisher":"https:\/\/www.facebook.com\/bastidasukaldeak","article_modified_time":"2023-05-16T19:54:40+00:00","twitter_card":"summary_large_image","twitter_misc":{"Est. reading time":"6 minutes"},"schema":{"@context":"https:\/\/schema.org","@graph":[{"@type":"WebPage","@id":"https:\/\/bastidasukaldeak.com\/eu\/politica-de-privacidad\/","url":"https:\/\/bastidasukaldeak.com\/eu\/politica-de-privacidad\/","name":"Pol\u00edtica de privacidad - Bastida Sukaldeak","isPartOf":{"@id":"https:\/\/bastidasukaldeak.com\/#website"},"datePublished":"2022-09-14T09:21:04+00:00","dateModified":"2023-05-16T19:54:40+00:00","breadcrumb":{"@id":"https:\/\/bastidasukaldeak.com\/eu\/politica-de-privacidad\/#breadcrumb"},"inLanguage":"eu-ES","potentialAction":[{"@type":"ReadAction","target":["https:\/\/bastidasukaldeak.com\/eu\/politica-de-privacidad\/"]}]},{"@type":"BreadcrumbList","@id":"https:\/\/bastidasukaldeak.com\/eu\/politica-de-privacidad\/#breadcrumb","itemListElement":[{"@type":"ListItem","position":1,"name":"Portada","item":"https:\/\/bastidasukaldeak.com\/eu\/"},{"@type":"ListItem","position":2,"name":"Pol\u00edtica de privacidad"}]},{"@type":"WebSite","@id":"https:\/\/bastidasukaldeak.com\/#website","url":"https:\/\/bastidasukaldeak.com\/","name":"Bastida Sukaldeak","description":"Encuentra tu cocina ideal","publisher":{"@id":"https:\/\/bastidasukaldeak.com\/#organization"},"potentialAction":[{"@type":"SearchAction","target":{"@type":"EntryPoint","urlTemplate":"https:\/\/bastidasukaldeak.com\/?s={search_term_string}"},"query-input":{"@type":"PropertyValueSpecification","valueRequired":true,"valueName":"search_term_string"}}],"inLanguage":"eu-ES"},{"@type":"Organization","@id":"https:\/\/bastidasukaldeak.com\/#organization","name":"Bastida Sukaldeak","url":"https:\/\/bastidasukaldeak.com\/","logo":{"@type":"ImageObject","inLanguage":"eu-ES","@id":"https:\/\/bastidasukaldeak.com\/#\/schema\/logo\/image\/","url":"https:\/\/bastidasukaldeak.com\/wp-content\/uploads\/2020\/06\/Logo-Bastida-Sukaldeak.jpg","contentUrl":"https:\/\/bastidasukaldeak.com\/wp-content\/uploads\/2020\/06\/Logo-Bastida-Sukaldeak.jpg","width":681,"height":235,"caption":"Bastida Sukaldeak"},"image":{"@id":"https:\/\/bastidasukaldeak.com\/#\/schema\/logo\/image\/"},"sameAs":["https:\/\/www.facebook.com\/bastidasukaldeak","https:\/\/www.instagram.com\/bastidasukaldeak\/","https:\/\/www.pinterest.es\/bastidasukaldeak\/"]}]}},"_links":{"self":[{"href":"https:\/\/bastidasukaldeak.com\/eu\/wp-json\/wp\/v2\/pages\/8329","targetHints":{"allow":["GET"]}}],"collection":[{"href":"https:\/\/bastidasukaldeak.com\/eu\/wp-json\/wp\/v2\/pages"}],"about":[{"href":"https:\/\/bastidasukaldeak.com\/eu\/wp-json\/wp\/v2\/types\/page"}],"author":[{"embeddable":true,"href":"https:\/\/bastidasukaldeak.com\/eu\/wp-json\/wp\/v2\/users\/2"}],"replies":[{"embeddable":true,"href":"https:\/\/bastidasukaldeak.com\/eu\/wp-json\/wp\/v2\/comments?post=8329"}],"version-history":[{"count":7,"href":"https:\/\/bastidasukaldeak.com\/eu\/wp-json\/wp\/v2\/pages\/8329\/revisions"}],"predecessor-version":[{"id":8346,"href":"https:\/\/bastidasukaldeak.com\/eu\/wp-json\/wp\/v2\/pages\/8329\/revisions\/8346"}],"wp:attachment":[{"href":"https:\/\/bastidasukaldeak.com\/eu\/wp-json\/wp\/v2\/media?parent=8329"}],"curies":[{"name":"wp","href":"https:\/\/api.w.org\/{rel}","templated":true}]}}